{"id":9355,"date":"2021-09-24T03:11:12","date_gmt":"2021-09-24T01:11:12","guid":{"rendered":"https:\/\/infrastrutturesicure.com\/?page_id=9355"},"modified":"2024-06-22T16:30:19","modified_gmt":"2024-06-22T14:30:19","slug":"monitoraggio-monumenti","status":"publish","type":"page","link":"https:\/\/infrastrutturesicure.com\/index.php\/monitoraggio-monumenti\/","title":{"rendered":"Monitoraggio monumenti"},"content":{"rendered":"\t\t<div data-elementor-type=\"wp-page\" data-elementor-id=\"9355\" class=\"elementor elementor-9355\">\n\t\t\t\t\t\t<section class=\"elementor-section elementor-top-section elementor-element elementor-element-45fae47 elementor-section-full_width elementor-section-height-default elementor-section-height-default\" data-id=\"45fae47\" data-element_type=\"section\">\n\t\t\t\t\t\t<div class=\"elementor-container elementor-column-gap-default\">\n\t\t\t\t\t<div class=\"elementor-column elementor-col-50 elementor-top-column elementor-element elementor-element-5ff15e1\" data-id=\"5ff15e1\" data-element_type=\"column\" data-settings=\"{&quot;background_background&quot;:&quot;classic&quot;}\">\n\t\t\t<div class=\"elementor-widget-wrap elementor-element-populated\">\n\t\t\t\t\t\t<div class=\"elementor-element elementor-element-8c98bd6 elementor-widget elementor-widget-spacer\" data-id=\"8c98bd6\" data-element_type=\"widget\" data-widget_type=\"spacer.default\">\n\t\t\t\t<div class=\"elementor-widget-container\">\n\t\t\t\t\t\t\t<div class=\"elementor-spacer\">\n\t\t\t<div class=\"elementor-spacer-inner\"><\/div>\n\t\t<\/div>\n\t\t\t\t\t\t<\/div>\n\t\t\t\t<\/div>\n\t\t\t\t\t<\/div>\n\t\t<\/div>\n\t\t\t\t<div class=\"elementor-column elementor-col-50 elementor-top-column elementor-element elementor-element-c64985b\" data-id=\"c64985b\" data-element_type=\"column\">\n\t\t\t<div class=\"elementor-widget-wrap elementor-element-populated\">\n\t\t\t\t\t\t<div class=\"elementor-element elementor-element-df611a8 elementor-widget elementor-widget-spacer\" data-id=\"df611a8\" data-element_type=\"widget\" data-widget_type=\"spacer.default\">\n\t\t\t\t<div class=\"elementor-widget-container\">\n\t\t\t\t\t\t\t<div class=\"elementor-spacer\">\n\t\t\t<div class=\"elementor-spacer-inner\"><\/div>\n\t\t<\/div>\n\t\t\t\t\t\t<\/div>\n\t\t\t\t<\/div>\n\t\t\t\t<div class=\"elementor-element elementor-element-e3b86ac elementor-widget elementor-widget-heading\" data-id=\"e3b86ac\" data-element_type=\"widget\" data-widget_type=\"heading.default\">\n\t\t\t\t<div class=\"elementor-widget-container\">\n\t\t\t\t\t<h2 class=\"elementor-heading-title elementor-size-default\">Sicurezza monumenti e beni di interesse culturale e artistico<\/h2>\t\t\t\t<\/div>\n\t\t\t\t<\/div>\n\t\t\t\t<div class=\"elementor-element-custom_font_family elementor-element-custom_font_weight elementor-element-custom_color elementor-element elementor-element-d5b3f24 elementor-widget elementor-widget-text-editor\" data-id=\"d5b3f24\" data-element_type=\"widget\" data-widget_type=\"text-editor.default\">\n\t\t\t\t<div class=\"elementor-widget-container\">\n\t\t\t\t\t\t\t\t\t<p><span style=\"color: #0299df;\"><em>Rilevazione dati sullo stato di conservazione di edifici storici e monumenti <\/em><\/span><\/p><p>Un \u201cmuseo a cielo aperto\u201d. In ogni citt\u00e0, in ogni piazza, perfino nei borghi pi\u00f9 remoti l\u2019Italia pu\u00f2 vantare un <strong>patrimonio artistico di grande rilievo<\/strong>. Un patrimonio da proteggere, per evitare che sia perduto per sempre.<\/p>\t\t\t\t\t\t\t\t<\/div>\n\t\t\t\t<\/div>\n\t\t\t\t<div class=\"elementor-element elementor-element-2deb2a6 elementor-widget elementor-widget-heading\" data-id=\"2deb2a6\" data-element_type=\"widget\" data-widget_type=\"heading.default\">\n\t\t\t\t<div class=\"elementor-widget-container\">\n\t\t\t\t\t<h2 class=\"elementor-heading-title elementor-size-default\">Prevenire crolli o cedimenti di opere d\u2019arte<\/h2>\t\t\t\t<\/div>\n\t\t\t\t<\/div>\n\t\t\t\t<div class=\"elementor-element-custom_font_family elementor-element-custom_font_weight elementor-element-custom_color elementor-element elementor-element-87b3769 elementor-widget elementor-widget-text-editor\" data-id=\"87b3769\" data-element_type=\"widget\" data-widget_type=\"text-editor.default\">\n\t\t\t\t<div class=\"elementor-widget-container\">\n\t\t\t\t\t\t\t\t\t<p><strong>Prevenire crolli o cedimenti di opere d\u2019arte e di beni di interesse culturale<\/strong>, dovuti a <strong>cause naturali<\/strong> o a situazioni contingenti, \u00e8 possibile grazie a uno <strong>studio specifico dell\u2019opera<\/strong> e all\u2019applicazione di <strong>strumenti di monitoraggio<\/strong> che possano identificare i parametri veramente significativi.<\/p><p><strong>Abbassamenti o rotazioni, cedimenti, stati tensionali, vibrazioni, o cause accidentali<\/strong> possono compromettere la stabilit\u00e0 di opere di grande valore: ecco perch\u00e9 \u00e8 necessario monitorarle, \u201cascoltare\u201d cosa hanno da dirci e intervenire<\/p>\t\t\t\t\t\t\t\t<\/div>\n\t\t\t\t<\/div>\n\t\t\t\t\t<\/div>\n\t\t<\/div>\n\t\t\t\t\t<\/div>\n\t\t<\/section>\n\t\t\t\t<section class=\"elementor-section elementor-top-section elementor-element elementor-element-06d4dc3 elementor-section-full_width elementor-section-height-default elementor-section-height-default\" data-id=\"06d4dc3\" data-element_type=\"section\" data-settings=\"{&quot;background_background&quot;:&quot;classic&quot;}\">\n\t\t\t\t\t\t<div class=\"elementor-container elementor-column-gap-default\">\n\t\t\t\t\t<div class=\"elementor-column elementor-col-100 elementor-top-column elementor-element elementor-element-7db3351\" data-id=\"7db3351\" data-element_type=\"column\">\n\t\t\t<div class=\"elementor-widget-wrap elementor-element-populated\">\n\t\t\t\t\t\t<section class=\"elementor-section elementor-inner-section elementor-element elementor-element-ef13992 elementor-section-boxed elementor-section-height-default elementor-section-height-default\" data-id=\"ef13992\" data-element_type=\"section\">\n\t\t\t\t\t\t<div class=\"elementor-container elementor-column-gap-default\">\n\t\t\t\t\t<div class=\"elementor-column elementor-col-100 elementor-inner-column elementor-element elementor-element-0a6b4b3\" data-id=\"0a6b4b3\" data-element_type=\"column\">\n\t\t\t<div class=\"elementor-widget-wrap elementor-element-populated\">\n\t\t\t\t\t\t<div class=\"elementor-element elementor-element-1503c3e elementor-widget elementor-widget-heading\" data-id=\"1503c3e\" data-element_type=\"widget\" data-widget_type=\"heading.default\">\n\t\t\t\t<div class=\"elementor-widget-container\">\n\t\t\t\t\t<h5 class=\"elementor-heading-title elementor-size-default\">INFRASTRUTTURE SICURE<\/h5>\t\t\t\t<\/div>\n\t\t\t\t<\/div>\n\t\t\t\t<div class=\"elementor-element elementor-element-0af16a2 elementor-widget elementor-widget-heading\" data-id=\"0af16a2\" data-element_type=\"widget\" data-widget_type=\"heading.default\">\n\t\t\t\t<div class=\"elementor-widget-container\">\n\t\t\t\t\t<h3 class=\"elementor-heading-title elementor-size-default\">Richiedi maggiori informazioni<\/h3>\t\t\t\t<\/div>\n\t\t\t\t<\/div>\n\t\t\t\t<div class=\"gt3-core-button--alignment_center elementor-element elementor-element-a616097 elementor-widget elementor-widget-gt3-core-button\" data-id=\"a616097\" data-element_type=\"widget\" data-widget_type=\"gt3-core-button.default\">\n\t\t\t\t<div class=\"elementor-widget-container\">\n\t\t\t\t\t\t<div class=\"gt3_module_button_elementor size_custom alignment_center button_icon_none hover_type3 rounded\">\r\n\t\t<a class=\"button_size_elementor_custom alignment_center border_icon_none hover_type3 btn_icon_position_left\" href=\"https:\/\/infrastrutturesicure.com\/index.php\/contatti\/\">\r\n\t\t\t\t<span class=\"gt3_module_button__container\">\r\n\t\t\t\t\t\t\t\t\t\t\t<span class=\"gt3_module_button__cover front\"><span class=\"elementor_gt3_btn_text\">Contattaci Adesso<\/span><\/span>\r\n\t\t\t\t\t\t\t\t\t\t\t\t\t\t\t<\/span>\r\n\t\t<\/a>\r\n\t<\/div>\r\n\r\n<script type=\"application\/json\" id=\"settings--a616097\">[]<\/script>\t\t\t\t<\/div>\n\t\t\t\t<\/div>\n\t\t\t\t\t<\/div>\n\t\t<\/div>\n\t\t\t\t\t<\/div>\n\t\t<\/section>\n\t\t\t\t\t<\/div>\n\t\t<\/div>\n\t\t\t\t\t<\/div>\n\t\t<\/section>\n\t\t\t\t<\/div>\n\t\t","protected":false},"excerpt":{"rendered":"<p>Sicurezza monumenti e beni di interesse culturale e artistico Rilevazione dati sullo stato di conservazione di edifici storici e monumenti Un \u201cmuseo a cielo aperto\u201d. In ogni citt\u00e0, in ogni piazza, perfino nei borghi pi\u00f9 remoti l\u2019Italia pu\u00f2 vantare un patrimonio artistico di grande rilievo. Un patrimonio da proteggere, per evitare che sia perduto per [&hellip;]<\/p>\n","protected":false},"author":1,"featured_media":0,"parent":0,"menu_order":0,"comment_status":"closed","ping_status":"closed","template":"elementor_header_footer","meta":{"footnotes":""},"class_list":["post-9355","page","type-page","status-publish","hentry"],"yoast_head":"<!-- This site is optimized with the Yoast SEO plugin v25.2 - https:\/\/yoast.com\/wordpress\/plugins\/seo\/ -->\n<title>Monitoraggio monumenti e beni di interesse culturale e artistico<\/title>\n<meta name=\"description\" content=\"Rilevazione dati sullo stato di conservazione di edifici storici e monumenti , Prevenire crolli o cedimenti di opere d\u2019arte e di beni\" \/>\n<meta name=\"robots\" content=\"index, follow, max-snippet:-1, max-image-preview:large, max-video-preview:-1\" \/>\n<link rel=\"canonical\" href=\"https:\/\/infrastrutturesicure.com\/index.php\/monitoraggio-monumenti\/\" \/>\n<meta property=\"og:locale\" content=\"it_IT\" \/>\n<meta property=\"og:type\" content=\"article\" \/>\n<meta property=\"og:title\" content=\"Monitoraggio monumenti e beni di interesse culturale e artistico\" \/>\n<meta property=\"og:description\" content=\"Rilevazione dati sullo stato di conservazione di edifici storici e monumenti , Prevenire crolli o cedimenti di opere d\u2019arte e di beni\" \/>\n<meta property=\"og:url\" content=\"https:\/\/infrastrutturesicure.com\/index.php\/monitoraggio-monumenti\/\" \/>\n<meta property=\"og:site_name\" content=\"Infrastrutture Sicure\" \/>\n<meta property=\"article:modified_time\" content=\"2024-06-22T14:30:19+00:00\" \/>\n<meta name=\"twitter:card\" content=\"summary_large_image\" \/>\n<meta name=\"twitter:label1\" content=\"Tempo di lettura stimato\" \/>\n\t<meta name=\"twitter:data1\" content=\"1 minuto\" \/>\n<script type=\"application\/ld+json\" class=\"yoast-schema-graph\">{\"@context\":\"https:\/\/schema.org\",\"@graph\":[{\"@type\":\"WebPage\",\"@id\":\"https:\/\/infrastrutturesicure.com\/index.php\/monitoraggio-monumenti\/\",\"url\":\"https:\/\/infrastrutturesicure.com\/index.php\/monitoraggio-monumenti\/\",\"name\":\"Monitoraggio monumenti e beni di interesse culturale e artistico\",\"isPartOf\":{\"@id\":\"https:\/\/infrastrutturesicure.com\/#website\"},\"datePublished\":\"2021-09-24T01:11:12+00:00\",\"dateModified\":\"2024-06-22T14:30:19+00:00\",\"description\":\"Rilevazione dati sullo stato di conservazione di edifici storici e monumenti , Prevenire crolli o cedimenti di opere d\u2019arte e di beni\",\"breadcrumb\":{\"@id\":\"https:\/\/infrastrutturesicure.com\/index.php\/monitoraggio-monumenti\/#breadcrumb\"},\"inLanguage\":\"it-IT\",\"potentialAction\":[{\"@type\":\"ReadAction\",\"target\":[\"https:\/\/infrastrutturesicure.com\/index.php\/monitoraggio-monumenti\/\"]}]},{\"@type\":\"BreadcrumbList\",\"@id\":\"https:\/\/infrastrutturesicure.com\/index.php\/monitoraggio-monumenti\/#breadcrumb\",\"itemListElement\":[{\"@type\":\"ListItem\",\"position\":1,\"name\":\"Home\",\"item\":\"https:\/\/infrastrutturesicure.com\/\"},{\"@type\":\"ListItem\",\"position\":2,\"name\":\"Monitoraggio monumenti\"}]},{\"@type\":\"WebSite\",\"@id\":\"https:\/\/infrastrutturesicure.com\/#website\",\"url\":\"https:\/\/infrastrutturesicure.com\/\",\"name\":\"Infrastrutture Sicure\",\"description\":\"monitoraggio delle strutture\",\"publisher\":{\"@id\":\"https:\/\/infrastrutturesicure.com\/#organization\"},\"potentialAction\":[{\"@type\":\"SearchAction\",\"target\":{\"@type\":\"EntryPoint\",\"urlTemplate\":\"https:\/\/infrastrutturesicure.com\/?s={search_term_string}\"},\"query-input\":{\"@type\":\"PropertyValueSpecification\",\"valueRequired\":true,\"valueName\":\"search_term_string\"}}],\"inLanguage\":\"it-IT\"},{\"@type\":\"Organization\",\"@id\":\"https:\/\/infrastrutturesicure.com\/#organization\",\"name\":\"Infrastrutture Sicure\",\"url\":\"https:\/\/infrastrutturesicure.com\/\",\"logo\":{\"@type\":\"ImageObject\",\"inLanguage\":\"it-IT\",\"@id\":\"https:\/\/infrastrutturesicure.com\/#\/schema\/logo\/image\/\",\"url\":\"https:\/\/infrastrutturesicure.com\/wp-content\/uploads\/2021\/05\/logo-1.png\",\"contentUrl\":\"https:\/\/infrastrutturesicure.com\/wp-content\/uploads\/2021\/05\/logo-1.png\",\"width\":300,\"height\":79,\"caption\":\"Infrastrutture Sicure\"},\"image\":{\"@id\":\"https:\/\/infrastrutturesicure.com\/#\/schema\/logo\/image\/\"}}]}<\/script>\n<!-- \/ Yoast SEO plugin. -->","yoast_head_json":{"title":"Monitoraggio monumenti e beni di interesse culturale e artistico","description":"Rilevazione dati sullo stato di conservazione di edifici storici e monumenti , Prevenire crolli o cedimenti di opere d\u2019arte e di beni","robots":{"index":"index","follow":"follow","max-snippet":"max-snippet:-1","max-image-preview":"max-image-preview:large","max-video-preview":"max-video-preview:-1"},"canonical":"https:\/\/infrastrutturesicure.com\/index.php\/monitoraggio-monumenti\/","og_locale":"it_IT","og_type":"article","og_title":"Monitoraggio monumenti e beni di interesse culturale e artistico","og_description":"Rilevazione dati sullo stato di conservazione di edifici storici e monumenti , Prevenire crolli o cedimenti di opere d\u2019arte e di beni","og_url":"https:\/\/infrastrutturesicure.com\/index.php\/monitoraggio-monumenti\/","og_site_name":"Infrastrutture Sicure","article_modified_time":"2024-06-22T14:30:19+00:00","twitter_card":"summary_large_image","twitter_misc":{"Tempo di lettura stimato":"1 minuto"},"schema":{"@context":"https:\/\/schema.org","@graph":[{"@type":"WebPage","@id":"https:\/\/infrastrutturesicure.com\/index.php\/monitoraggio-monumenti\/","url":"https:\/\/infrastrutturesicure.com\/index.php\/monitoraggio-monumenti\/","name":"Monitoraggio monumenti e beni di interesse culturale e artistico","isPartOf":{"@id":"https:\/\/infrastrutturesicure.com\/#website"},"datePublished":"2021-09-24T01:11:12+00:00","dateModified":"2024-06-22T14:30:19+00:00","description":"Rilevazione dati sullo stato di conservazione di edifici storici e monumenti , Prevenire crolli o cedimenti di opere d\u2019arte e di beni","breadcrumb":{"@id":"https:\/\/infrastrutturesicure.com\/index.php\/monitoraggio-monumenti\/#breadcrumb"},"inLanguage":"it-IT","potentialAction":[{"@type":"ReadAction","target":["https:\/\/infrastrutturesicure.com\/index.php\/monitoraggio-monumenti\/"]}]},{"@type":"BreadcrumbList","@id":"https:\/\/infrastrutturesicure.com\/index.php\/monitoraggio-monumenti\/#breadcrumb","itemListElement":[{"@type":"ListItem","position":1,"name":"Home","item":"https:\/\/infrastrutturesicure.com\/"},{"@type":"ListItem","position":2,"name":"Monitoraggio monumenti"}]},{"@type":"WebSite","@id":"https:\/\/infrastrutturesicure.com\/#website","url":"https:\/\/infrastrutturesicure.com\/","name":"Infrastrutture Sicure","description":"monitoraggio delle strutture","publisher":{"@id":"https:\/\/infrastrutturesicure.com\/#organization"},"potentialAction":[{"@type":"SearchAction","target":{"@type":"EntryPoint","urlTemplate":"https:\/\/infrastrutturesicure.com\/?s={search_term_string}"},"query-input":{"@type":"PropertyValueSpecification","valueRequired":true,"valueName":"search_term_string"}}],"inLanguage":"it-IT"},{"@type":"Organization","@id":"https:\/\/infrastrutturesicure.com\/#organization","name":"Infrastrutture Sicure","url":"https:\/\/infrastrutturesicure.com\/","logo":{"@type":"ImageObject","inLanguage":"it-IT","@id":"https:\/\/infrastrutturesicure.com\/#\/schema\/logo\/image\/","url":"https:\/\/infrastrutturesicure.com\/wp-content\/uploads\/2021\/05\/logo-1.png","contentUrl":"https:\/\/infrastrutturesicure.com\/wp-content\/uploads\/2021\/05\/logo-1.png","width":300,"height":79,"caption":"Infrastrutture Sicure"},"image":{"@id":"https:\/\/infrastrutturesicure.com\/#\/schema\/logo\/image\/"}}]}},"_links":{"self":[{"href":"https:\/\/infrastrutturesicure.com\/index.php\/wp-json\/wp\/v2\/pages\/9355","targetHints":{"allow":["GET"]}}],"collection":[{"href":"https:\/\/infrastrutturesicure.com\/index.php\/wp-json\/wp\/v2\/pages"}],"about":[{"href":"https:\/\/infrastrutturesicure.com\/index.php\/wp-json\/wp\/v2\/types\/page"}],"author":[{"embeddable":true,"href":"https:\/\/infrastrutturesicure.com\/index.php\/wp-json\/wp\/v2\/users\/1"}],"replies":[{"embeddable":true,"href":"https:\/\/infrastrutturesicure.com\/index.php\/wp-json\/wp\/v2\/comments?post=9355"}],"version-history":[{"count":22,"href":"https:\/\/infrastrutturesicure.com\/index.php\/wp-json\/wp\/v2\/pages\/9355\/revisions"}],"predecessor-version":[{"id":9528,"href":"https:\/\/infrastrutturesicure.com\/index.php\/wp-json\/wp\/v2\/pages\/9355\/revisions\/9528"}],"wp:attachment":[{"href":"https:\/\/infrastrutturesicure.com\/index.php\/wp-json\/wp\/v2\/media?parent=9355"}],"curies":[{"name":"wp","href":"https:\/\/api.w.org\/{rel}","templated":true}]}}